{"id":188,"date":"2013-09-15T23:56:08","date_gmt":"2013-09-15T20:56:08","guid":{"rendered":"http:\/\/fizik.aksaray.edu.tr\/akademik\/edeligoz\/?page_id=188"},"modified":"2025-03-03T18:34:58","modified_gmt":"2025-03-03T15:34:58","slug":"tezler","status":"publish","type":"page","link":"https:\/\/fizikbolumu.aksaray.edu.tr\/akademik\/edeligoz\/?page_id=188","title":{"rendered":"Tezler"},"content":{"rendered":"<p><b>Y\u00f6netilen Tezler:<\/b><\/p>\n<p><b>Y\u00fcksek Lisans<\/b><\/p>\n<ul>\n<li>\u00dcmit Fuat \u00d6ZYAR, &#8220;TiSiSb, TiGeSb, ZrSiSb, ZrGeSb, HfSiSb ve HfGeSb bile\u015fiklerinin elastik, elektronik ve titre\u015fimsel \u00f6zellikleri&#8221; Aksaray \u00dcniversitesi (2014) <a href=\"https:\/\/acikerisim.aksaray.edu.tr\/xmlui\/handle\/20.500.12451\/2116\"><strong>PDF<\/strong><\/a><\/li>\n<li>Nuhibe T\u00dcRKDAL, &#8220;ZrMo<sub>2<\/sub> ve HfMo<sub>2<\/sub> bile\u015fiklerinin kararl\u0131l\u0131klar\u0131n\u0131n ab initio y\u00f6ntemiyle incelenmesi&#8221;\u00a0\u00a0Aksaray \u00dcniversitesi (2015) <a href=\"https:\/\/acikerisim.aksaray.edu.tr\/xmlui\/handle\/20.500.12451\/5244\"><strong>PDF<\/strong><\/a><\/li>\n<li>M. Bahad\u0131r BAYSAL, &#8220;LaMgNi<sub>4<\/sub>H<sub>x<\/sub> (X=1,4,7) bile\u015fi\u011finde hidrojenin mekanik ve titre\u015fimsel \u00f6zellikler \u00fczerine etkisi&#8221; Aksaray \u00dcniversitesi (2016) <a href=\"https:\/\/acikerisim.aksaray.edu.tr\/xmlui\/handle\/20.500.12451\/5297\"><strong>PDF<\/strong><\/a><\/li>\n<li>Mehmet\u00a0 A. KORKMAZ,\u00a0 &#8220;In2Ge2Te6, In2Si2Te6, InGeTe3 ve InSiTe3\u00a0 bile\u015fiklerinin mekaniksel ve elektronik \u00f6zelliklerinin ab initio y\u00f6ntemle incelenmesi&#8221; Aksaray \u00dcniversitesi (2020) <a href=\"https:\/\/acikerisim.aksaray.edu.tr\/xmlui\/handle\/20.500.12451\/7009\"><strong>PDF<\/strong><\/a><\/li>\n<li>Abdullah KUTLUCA, &#8220;GeSe bile\u015fi\u011finin iki ve \u00fc\u00e7 boyutlu kristal yap\u0131lar\u0131n\u0131n kararl\u0131l\u0131klar\u0131n\u0131n ab inito y\u00f6ntemle incelenmesi&#8221; Aksaray \u00dcniversitesi, Nanoteknoloji \u00a0ABD (2022) <a href=\"https:\/\/acikerisim.aksaray.edu.tr\/xmlui\/handle\/20.500.12451\/11318\"><strong>PDF<\/strong><\/a><\/li>\n<\/ul>\n<p><b>Doktora<\/b><\/p>\n<ul>\n<li>\n<p>Emre B\u00d6LEN, Ge\u00e7i\u015f metali i\u00e7eren 2 boyutlu baz\u0131 kristallerin fiziksel \u00f6zelliklerinin ab initio y\u00f6ntemlerle incelenmesi, Aksaray \u00dcniversitesi (2022) <a href=\"https:\/\/acikerisim.aksaray.edu.tr\/xmlui\/handle\/20.500.12451\/11319\"><strong>PDF<\/strong><\/a><\/p>\n<\/li>\n<li>\n<p>Ula\u015f K\u00d6RO\u011eLU \u00a0\u201cBiXO3 (X=Al, Co, Cr, Sc, Y) bile\u015fiklerinin yap\u0131sal elektronik ve dinamik \u00f6zelliklerinin ab initio y\u00f6ntemle incelenmesi\u201d (2. Dan\u0131\u015fman, \u00c7ukurova \u00dcniversitesi) (2013) \u00a0<a href=\"https:\/\/acikbilim.yok.gov.tr\/handle\/20.500.12812\/137367\"><strong>PDF<\/strong><\/a><\/p>\n<\/li>\n<\/ul>\n<ul>\n<li style=\"list-style-type: none;\">\n<ul>\n<li><b>Yapt\u0131\u011f\u0131 Tezler:<\/b>\n<p><b>Y\u00fcksek Lisans (Msc):<\/b><\/p>\n<ul>\n<li>\u00d6rg\u00fc dinami\u011finde baz\u0131 a\u00e7\u0131sal kuvvet modelleri, Dan\u0131\u015fman: Prof. Dr. Kemal \u00c7OLAKO\u011eLU, Gazi \u00dcniversitesi (2001)<\/li>\n<\/ul>\n<p><b>\u00a0Doktora (PhD):<\/b><\/p>\n<ul>\n<li>Baz\u0131 ikili\u00a0 (CdS, CdSe, CdTe, CdF2, AlBi, BBi) bile\u015fiklerin yap\u0131sal, elektronik, elastik termodinamik ve titre\u015fimsel \u00f6zelliklerinin ab initio y\u00f6ntemle incelenmesi, Dan\u0131\u015fman: Prof. Dr. Kemal \u00c7OLAKO\u011eLU, Gazi \u00dcniversitesi (2007) <a href=\"https:\/\/www.researchgate.net\/publication\/379897905_THE_INVESTIGATION_THE_STRUCTURAL_ELECTRONIC_ELASTIC_THERMODYNAMICS_AND_VIBRATIONAL_PROPERTIES_SOME_OF_BINARY_CdS_CdSe_CdTe_CdF2_AlBi_BBi_COMPOUNDS_BY_AB_INITIO_METHOD\"><strong>PDF<\/strong><\/a><\/li>\n<\/ul>\n<\/li>\n<\/ul>\n<\/li>\n<\/ul>\n\n\n<p><\/p>\n ","protected":false},"excerpt":{"rendered":"<p>Y\u00f6netilen Tezler: Y\u00fcksek Lisans \u00dcmit Fuat \u00d6ZYAR, &#8220;TiSiSb, TiGeSb, ZrSiSb, ZrGeSb, HfSiSb ve HfGeSb bile\u015fiklerinin elastik, elektronik ve titre\u015fimsel \u00f6zellikleri&#8221; Aksaray \u00dcniversitesi (2014) PDF Nuhibe T\u00dcRKDAL, &#8220;ZrMo2 ve HfMo2 bile\u015fiklerinin kararl\u0131l\u0131klar\u0131n\u0131n ab initio y\u00f6ntemiyle incelenmesi&#8221;\u00a0\u00a0Aksaray \u00dcniversitesi (2015) PDF M. Bahad\u0131r &hellip; <a href=\"https:\/\/fizikbolumu.aksaray.edu.tr\/akademik\/edeligoz\/?page_id=188\">Okumaya devam et <span class=\"meta-nav\">&rarr;<\/span><\/a><\/p>\n","protected":false},"author":2,"featured_media":0,"parent":0,"menu_order":0,"comment_status":"closed","ping_status":"closed","template":"","meta":{"footnotes":""},"class_list":["post-188","page","type-page","status-publish","hentry"],"_links":{"self":[{"href":"https:\/\/fizikbolumu.aksaray.edu.tr\/akademik\/edeligoz\/index.php?rest_route=\/wp\/v2\/pages\/188","targetHints":{"allow":["GET"]}}],"collection":[{"href":"https:\/\/fizikbolumu.aksaray.edu.tr\/akademik\/edeligoz\/index.php?rest_route=\/wp\/v2\/pages"}],"about":[{"href":"https:\/\/fizikbolumu.aksaray.edu.tr\/akademik\/edeligoz\/index.php?rest_route=\/wp\/v2\/types\/page"}],"author":[{"embeddable":true,"href":"https:\/\/fizikbolumu.aksaray.edu.tr\/akademik\/edeligoz\/index.php?rest_route=\/wp\/v2\/users\/2"}],"replies":[{"embeddable":true,"href":"https:\/\/fizikbolumu.aksaray.edu.tr\/akademik\/edeligoz\/index.php?rest_route=%2Fwp%2Fv2%2Fcomments&post=188"}],"version-history":[{"count":23,"href":"https:\/\/fizikbolumu.aksaray.edu.tr\/akademik\/edeligoz\/index.php?rest_route=\/wp\/v2\/pages\/188\/revisions"}],"predecessor-version":[{"id":787,"href":"https:\/\/fizikbolumu.aksaray.edu.tr\/akademik\/edeligoz\/index.php?rest_route=\/wp\/v2\/pages\/188\/revisions\/787"}],"wp:attachment":[{"href":"https:\/\/fizikbolumu.aksaray.edu.tr\/akademik\/edeligoz\/index.php?rest_route=%2Fwp%2Fv2%2Fmedia&parent=188"}],"curies":[{"name":"wp","href":"https:\/\/api.w.org\/{rel}","templated":true}]}}