{"id":39,"date":"2012-06-19T15:38:27","date_gmt":"2012-06-19T12:38:27","guid":{"rendered":"http:\/\/fizik.aksaray.edu.tr\/akademik\/edeligoz\/?page_id=39"},"modified":"2023-11-13T16:09:24","modified_gmt":"2023-11-13T13:09:24","slug":"diger-yayinlar-ve-bilimsel-aktiviteler","status":"publish","type":"page","link":"https:\/\/fizikbolumu.aksaray.edu.tr\/akademik\/edeligoz\/?page_id=39","title":{"rendered":"Di\u011fer Yay\u0131nlar ve Bilimsel Aktiviteler"},"content":{"rendered":"<ol>\n<li>MEB, Fen ve Teknoloji Dersi \u00d6\u011fretim Program\u0131 (4-5 S\u0131n\u0131f), 2004, Komisyon<\/li>\n<li>MEB, Fen ve Teknoloji Dersi \u00d6\u011fretim Program\u0131 (6-8 S\u0131n\u0131f), 2005, Komisyon<\/li>\n<\/ol>\n ","protected":false},"excerpt":{"rendered":"<p>MEB, Fen ve Teknoloji Dersi \u00d6\u011fretim Program\u0131 (4-5 S\u0131n\u0131f), 2004, Komisyon MEB, Fen ve Teknoloji Dersi \u00d6\u011fretim Program\u0131 (6-8 S\u0131n\u0131f), 2005, Komisyon<\/p>\n","protected":false},"author":1,"featured_media":0,"parent":12,"menu_order":0,"comment_status":"closed","ping_status":"closed","template":"","meta":{"footnotes":""},"class_list":["post-39","page","type-page","status-publish","hentry"],"_links":{"self":[{"href":"https:\/\/fizikbolumu.aksaray.edu.tr\/akademik\/edeligoz\/index.php?rest_route=\/wp\/v2\/pages\/39","targetHints":{"allow":["GET"]}}],"collection":[{"href":"https:\/\/fizikbolumu.aksaray.edu.tr\/akademik\/edeligoz\/index.php?rest_route=\/wp\/v2\/pages"}],"about":[{"href":"https:\/\/fizikbolumu.aksaray.edu.tr\/akademik\/edeligoz\/index.php?rest_route=\/wp\/v2\/types\/page"}],"author":[{"embeddable":true,"href":"https:\/\/fizikbolumu.aksaray.edu.tr\/akademik\/edeligoz\/index.php?rest_route=\/wp\/v2\/users\/1"}],"replies":[{"embeddable":true,"href":"https:\/\/fizikbolumu.aksaray.edu.tr\/akademik\/edeligoz\/index.php?rest_route=%2Fwp%2Fv2%2Fcomments&post=39"}],"version-history":[{"count":5,"href":"https:\/\/fizikbolumu.aksaray.edu.tr\/akademik\/edeligoz\/index.php?rest_route=\/wp\/v2\/pages\/39\/revisions"}],"predecessor-version":[{"id":688,"href":"https:\/\/fizikbolumu.aksaray.edu.tr\/akademik\/edeligoz\/index.php?rest_route=\/wp\/v2\/pages\/39\/revisions\/688"}],"up":[{"embeddable":true,"href":"https:\/\/fizikbolumu.aksaray.edu.tr\/akademik\/edeligoz\/index.php?rest_route=\/wp\/v2\/pages\/12"}],"wp:attachment":[{"href":"https:\/\/fizikbolumu.aksaray.edu.tr\/akademik\/edeligoz\/index.php?rest_route=%2Fwp%2Fv2%2Fmedia&parent=39"}],"curies":[{"name":"wp","href":"https:\/\/api.w.org\/{rel}","templated":true}]}}