{"id":762,"date":"2024-10-23T19:15:39","date_gmt":"2024-10-23T16:15:39","guid":{"rendered":"https:\/\/fizikbolumu.aksaray.edu.tr\/akademik\/edeligoz\/?page_id=762"},"modified":"2025-03-03T18:22:39","modified_gmt":"2025-03-03T15:22:39","slug":"tam-metin-bildiriler","status":"publish","type":"page","link":"https:\/\/fizikbolumu.aksaray.edu.tr\/akademik\/edeligoz\/?page_id=762","title":{"rendered":"Tam Metin Bildiriler"},"content":{"rendered":"\n<ol class=\"wp-block-list\">\n<li>H.B. Ozisik,\u00a0<strong>E. Deligoz<\/strong>, H. Ozisik, \u201cThe magnetic and electronic properties of CexPr1-xIn3 compound\u201d, OP123,\u00a0<em>2<sup>nd<\/sup>\u00a0International Congress on The World of Technology and Advanced Materials<\/em>, 28 September-02 October\u00a0<strong>2016<\/strong>\u00a0Kirsehir\/Turkey, Proceeding Book, pp. 74-77  <a href=\"https:\/\/www.researchgate.net\/publication\/312800189_The_Magnetic_and_Electronic_Properties_of_Ce1-xPrxIn3_Compounds\">PDF<\/a><\/li>\n\n\n\n<li><strong>E. Deligoz<\/strong>, H.B. Ozisik, H. Ozisik, \u201cThe mechanical Properties of ZrSbTe and HfSbTe compounds\u201d, OP125,\u00a0<em>2<sup>nd<\/sup>\u00a0International Congress on The World of Technology and Advanced Materials<\/em>, 28 September-02 October\u00a0<strong>2016<\/strong>\u00a0Kirsehir\/Turkey, Proceeding Book, pp. 26-28 <a href=\"https:\/\/www.researchgate.net\/publication\/312800969_The_Mechanical_Properties_of_ZrSbTe_and_HfSbTe_Compounds\">PDF<\/a><\/li>\n\n\n\n<li>Seda \u00d6zdemir, Havva \u00d6z\u0131\u015f\u0131k, Hac\u0131 \u00d6z\u0131\u015f\u0131k, Mehtap Altay,\u00a0<strong>Engin Delig\u00f6z<\/strong>, Engin Ate\u015fer \u201cBaGe3 Bile\u015fi\u011finin Mekanik ve Titre\u015fimsel \u00d6zellikleri: Ab-initio \u00c7al\u0131\u015fmas\u0131\u201d Ad\u0131m Fizik G\u00fcnleri VII, Adnan Menderes \u00dcniversitesi, 2018, Ayd\u0131n, Proceeding Book, pp. 94-95 <a href=\"https:\/\/www.researchgate.net\/publication\/378079027_BaGe3_Bilesiginin_Mekanik_ve_Titresimsel_Ozellikleri_Ab-initio_Calismasi\">PDF<\/a><\/li>\n\n\n\n<li>Mehtap Altay, Hac\u0131 \u00d6z\u0131\u015f\u0131k,<strong>\u00a0Engin Delig\u00f6z<\/strong>, Engin Ate\u015fer, Havva \u00d6z\u0131\u015f\u0131k \u201cDy3Si5N9O Bile\u015fi\u011finin Elastik Anizotropisi ve Elektronik \u00d6zellikleri\u201d Ad\u0131m Fizik G\u00fcnleri VII, Adnan Menderes \u00dcniversitesi, 2018, Ayd\u0131n, Proceeding Book, pp. 24-25 <a href=\"https:\/\/www.researchgate.net\/publication\/378078860_Dy3Si5N9O_Bilesiginin_Elastik_Anizotropisi_ve_Elektronik_Ozellikleri\">PDF<\/a><\/li>\n\n\n\n<li>Mehtap Altay, Hac\u0131 \u00d6z\u0131\u015f\u0131k, Havva \u00d6z\u0131\u015f\u0131k,&nbsp;<strong>Engin Delig\u00f6z&nbsp;<\/strong>\u201cTb3Si5N9O Bile\u015fi\u011finin Mekanik ve Elektronik \u00d6zelliklerinin Yo\u011funluk Fonksiyonel Teorisi ile \u0130ncelenmesi\u201d&nbsp; Yo\u011fun Madde Fizi\u011fi \u2013 \u0130zmir Toplant\u0131s\u0131, \u0130zmir Y\u00fcksek Teknoloji Enstit\u00fcs\u00fc, 13 Nisan&nbsp;<strong>2018<\/strong>.&nbsp;<a href=\"https:\/\/www.researchgate.net\/publication\/378120007_Tb3Si5N9O_Bilesiginin_Mekanik_ve_Elektronik_Ozelliklerinin_Yogunluk_Fonksiyonel_Teorisi_ile_Incelenmesi\">PDF<\/a><\/li>\n\n\n\n<li>Seda \u00d6zdemir, Havva \u00d6z\u0131\u015f\u0131k, Hac\u0131 \u00d6z\u0131\u015f\u0131k, Mehtap Altay,&nbsp;<strong>Engin Delig\u00f6z<\/strong>&nbsp;\u201cCaGe3 Bile\u015fi\u011finin Mekanik ve Elektronik \u00d6zelliklerinin Yo\u011funluk Fonksiyonel Teorisi<br>ile \u0130ncelenmesi\u201d Yo\u011fun Madde Fizi\u011fi \u2013 \u0130zmir Toplant\u0131s\u0131, \u0130zmir Y\u00fcksek Teknoloji Enstit\u00fcs\u00fc, 13 Nisan&nbsp;<strong>2018<\/strong><a href=\"https:\/\/www.researchgate.net\/publication\/378121576_CaGe_3_Bilesiginin_Mekanik_ve_Elektronik_Ozelliklerinin_Yogunluk_Fonksiyonel_Teorisi_ile_Incelenmesi\"> PDF<\/a><\/li>\n\n\n\n<li>E. B\u00f6len,&nbsp;<strong>E. Delig\u00f6z<\/strong>, H. \u00d6z\u0131\u015f\u0131k and H.B. \u00d6z\u0131\u015f\u0131k, \u201cFirst Principles Study of structural electronic and thermoelectric properties of Mo2ScAlC2\u201d, The International Congress on The World of Technology and Advanced Materials (WITAM-2018), K\u0131r\u015fehir,&nbsp;<strong>2018<\/strong>. Proceeding Book, pp. 139-142. <a href=\"https:\/\/www.researchgate.net\/publication\/348163638_First_Principles_Study_of_structural_electronic_and_thermoelectric_properties_of_Mo2ScAlC2\">PDF<\/a><\/li>\n\n\n\n<li>H. \u00d6zi\u015fik, H.B. \u00d6zi\u015fik, and&nbsp;<strong>E. Delig\u00f6z<\/strong>, \u201cMechanical and vibrational properties of \u03b1- and \u00df-MgAl2Ge2 compound:Ab initio study\u201d International Congress on The World of Technology and Advanced Materials (WITAM-2018), K\u0131r\u015fehir,&nbsp;<strong>2018<\/strong>. Proceeding Book, pp. 67-70. <a href=\"https:\/\/www.researchgate.net\/publication\/348163716_Mechanical_and_Vibrational_Properties_of_a-and_b-MgAl2Ge2_compound_Ab-initio_study\">PDF<\/a><\/li>\n\n\n\n<li>H. \u00d6zi\u015fik,&nbsp;<strong>E. Delig\u00f6z<\/strong>, and H.B. \u00d6zi\u015fik, \u201cThe first principles structural study on the Barium Oxonitrido silicate BaSi4O6N2 compound\u201d International Congress on The World of Technology and Advanced Materials (WITAM-2018), K\u0131r\u015fehir,&nbsp;<strong>2018<\/strong>. Proceeding Book, pp. 71-74. <a href=\"https:\/\/www.researchgate.net\/publication\/348163717_The_first_principles_structural_study_on_the_Barium_Oxonitrido_silicate_BaSi4O6N2_compound\">PDF<\/a><\/li>\n\n\n\n<li>M. Altay, H. \u00d6zi\u015fik, H.B. \u00d6zi\u015fik and&nbsp;<strong>E. Delig\u00f6z<\/strong>, \u201cA first principles study on the orthorhombic ScNiAl3\u201d International Congress on The World of Technology and Advanced Materials (WITAM-2018), K\u0131r\u015fehir, 2018. Proceeding Book, pp. 153-156. <a href=\"https:\/\/www.researchgate.net\/publication\/348163490_A_first_principles_study_on_the_orthorhombic_ScNiAl3\">PDF<\/a><\/li>\n\n\n\n<li>E. B\u00f6len,&nbsp;<strong>E. Delig\u00f6z<\/strong>, H. \u00d6zi\u015fik and H.B. \u00d6zi\u015fik, \u201cAb initio study of structural and mechanical properties of two dimensional Mo2ScC2\u201d International Congress on The World of Technology and Advanced Materials (WITAM-2018), K\u0131r\u015fehir,&nbsp;<strong>2018<\/strong>. Proceeding Book, pp. 136-138. <a href=\"https:\/\/www.researchgate.net\/publication\/348163636_Ab_initio_study_of_structural_and_mechanical_properties_of_two-_dimensional_Mo2ScC2?_sg%5B0%5D=EgytWZB4lkmVDPFyklr9FJwXC32hJJcaecGrYDF60UETbIT_WnrySB6VSZHGIURXbUqpqVN5UzTmdNAEK0p343elScUAidpYhMhOH-m8.rejf8SACgwW45uGa6vJd4n5Iyf6bGb6Rn7xUhQN8BFUoXBIzGkgLFsjD3M0mMco73QZ1vpdwNmZR1TkzYEEkHw&amp;_tp=eyJjb250ZXh0Ijp7ImZpcnN0UGFnZSI6ImhvbWUiLCJwYWdlIjoicHJvZmlsZSIsInBvc2l0aW9uIjoicGFnZUNvbnRlbnQifX0\">PDF<\/a><\/li>\n\n\n\n<li><strong>E. Delig\u00f6z<\/strong>, H.B. \u00d6zi\u015fik, and H. \u00d6zi\u015fik, \u201cStructural determination and physical properties of CuB2 a first principles study\u201d International Congress on The World of Technology and Advanced Materials (WITAM-2018), K\u0131r\u015fehir,&nbsp;<strong>2018<\/strong>. Proceeding Book, pp. 64-66. <a href=\"https:\/\/www.researchgate.net\/publication\/348163477_Structural_determination_and_physical_properties_of_CuB2_a_first_principles_study?_sg%5B0%5D=c-CRxGCB4VdFEJm9dqdo59uG7xPYYMfsHHOpNvdBHyTnYtzvPRP4LniXhN1PIxE0G6_sZToASPIbj8hItSeRz5i_BFvqf-Ippb_cN8m5.k2zAbPTWc9BHeuz3wMq9k-87gw4KM2IIjK0XvAM8YIAub23Pw0Is08z3urInq5epUwAGeGamf2t4TnyCsW98SQ&amp;_tp=eyJjb250ZXh0Ijp7ImZpcnN0UGFnZSI6ImhvbWUiLCJwYWdlIjoicHJvZmlsZSIsInBvc2l0aW9uIjoicGFnZUNvbnRlbnQifX0\">PDF<\/a><\/li>\n\n\n\n<li>M. Altay, H. \u00d6zi\u015fik, H.B. \u00d6zi\u015fik and<strong>&nbsp;E. Delig\u00f6z<\/strong>, \u201cThe first principle study on the Holmium oxonitridosilicate Ho3Si5N9O compound mechanical and electronic properties\u201d International Congress on The World of Technology and Advanced Materials (WITAM-2018), K\u0131r\u015fehir,&nbsp;<strong>2018<\/strong>. Proceeding Book, pp. 157-160. <a href=\"https:\/\/www.researchgate.net\/publication\/348163727_The_First-Principle_Study_on_The_Holmium_Oxonitridosilicate_Ho3Si5N9O_Compound_Mechanical_and_Electronic_Properties\">PDF<\/a><\/li>\n\n\n\n<li><strong>E. Delig\u00f6z<\/strong>, H.B. \u00d6zi\u015fik and H. \u00d6zi\u015fik, \u201cThe mechanical and anisotropy properties of alpha RuCl3 compound,\u201d International Congress on The World of Technology and Advanced Materials (WITAM-2018), K\u0131r\u015fehir, 2018. Proceeding Book, pp. 61-63. <a href=\"https:\/\/www.researchgate.net\/publication\/348163476_The_mechanical_and_anisotropy_properties_of_a-RuCl3_compound\">PDF<\/a><\/li>\n\n\n\n<li>H. Ozisik,&nbsp;<strong>E. Deligoz<\/strong>, H. B. Ozisik, \u201cMechanical and Anisotropy Properties of Trigadolinium Heptanickel Tetradecaaluminide (Gd3Ni7Al14) Compound\u201d International Turkic World Congress on Science and Engineering, Book of Proceedings, pp. 480-484, 17-18 June&nbsp;<strong>2019<\/strong>, Ni\u011fde \u2013 Turkey. <a href=\"https:\/\/www.researchgate.net\/publication\/348163470_Mechanical_and_Anisotropy_Properties_of_Trigadolinium_Heptanickel_Tetradecaaluminide_Gd3Ni7Al14_Compound\">PDF<\/a><\/li>\n\n\n\n<li>M. Altay, H. Ozisik,&nbsp;<strong>E. Deligoz<\/strong>, H. B. Ozisik, \u201cVibrational stability of RNiAl3 (R=Sc, Y) Compounds\u201d, International Turkic World Congress on Science and Engineering, Book of Proceedings, pp. 504-508, 17-18 June&nbsp;<strong>2019<\/strong>, Ni\u011fde \u2013 Turkey. <a href=\"https:\/\/www.researchgate.net\/publication\/348163622_Vibrational_stability_of_RNiAl3_RSc_Y_Compounds\">PDF<\/a><\/li>\n\n\n\n<li><strong>E. Deligoz<\/strong>, \u201cAb Initio Computational Materials Science\u00a0\u201cInternational Conference on Advanced Materials Science &amp; Engineering and High Tech Devices Applications; Exhibition (ICMATSE 2024),\u00a0October 24-26, 2024, Ankara, TURKIYE, Proceeding Book, pp. 130-132. <a href=\"https:\/\/www.researchgate.net\/publication\/388106218_Ab_Initio_Computational_Materials_Science\">PDF<\/a><\/li>\n<\/ol>\n ","protected":false},"excerpt":{"rendered":"","protected":false},"author":2,"featured_media":0,"parent":12,"menu_order":3,"comment_status":"closed","ping_status":"closed","template":"","meta":{"footnotes":""},"class_list":["post-762","page","type-page","status-publish","hentry"],"_links":{"self":[{"href":"https:\/\/fizikbolumu.aksaray.edu.tr\/akademik\/edeligoz\/index.php?rest_route=\/wp\/v2\/pages\/762","targetHints":{"allow":["GET"]}}],"collection":[{"href":"https:\/\/fizikbolumu.aksaray.edu.tr\/akademik\/edeligoz\/index.php?rest_route=\/wp\/v2\/pages"}],"about":[{"href":"https:\/\/fizikbolumu.aksaray.edu.tr\/akademik\/edeligoz\/index.php?rest_route=\/wp\/v2\/types\/page"}],"author":[{"embeddable":true,"href":"https:\/\/fizikbolumu.aksaray.edu.tr\/akademik\/edeligoz\/index.php?rest_route=\/wp\/v2\/users\/2"}],"replies":[{"embeddable":true,"href":"https:\/\/fizikbolumu.aksaray.edu.tr\/akademik\/edeligoz\/index.php?rest_route=%2Fwp%2Fv2%2Fcomments&post=762"}],"version-history":[{"count":4,"href":"https:\/\/fizikbolumu.aksaray.edu.tr\/akademik\/edeligoz\/index.php?rest_route=\/wp\/v2\/pages\/762\/revisions"}],"predecessor-version":[{"id":784,"href":"https:\/\/fizikbolumu.aksaray.edu.tr\/akademik\/edeligoz\/index.php?rest_route=\/wp\/v2\/pages\/762\/revisions\/784"}],"up":[{"embeddable":true,"href":"https:\/\/fizikbolumu.aksaray.edu.tr\/akademik\/edeligoz\/index.php?rest_route=\/wp\/v2\/pages\/12"}],"wp:attachment":[{"href":"https:\/\/fizikbolumu.aksaray.edu.tr\/akademik\/edeligoz\/index.php?rest_route=%2Fwp%2Fv2%2Fmedia&parent=762"}],"curies":[{"name":"wp","href":"https:\/\/api.w.org\/{rel}","templated":true}]}}